{"id":1465,"date":"2023-10-31T16:15:20","date_gmt":"2023-10-31T16:15:20","guid":{"rendered":"https:\/\/www.selectgrup.ro\/?page_id=1465"},"modified":"2023-11-01T12:01:46","modified_gmt":"2023-11-01T12:01:46","slug":"proiecte","status":"publish","type":"page","link":"https:\/\/www.selectgrup.ro\/en\/proiecte\/","title":{"rendered":"Proiecte"},"content":{"rendered":"<div data-elementor-type=\"wp-page\" data-elementor-id=\"1465\" class=\"elementor elementor-1465\" data-elementor-post-type=\"page\">\n\t\t\t\t<div class=\"elementor-element elementor-element-5da21c6 e-flex e-con-boxed e-con e-parent\" data-id=\"5da21c6\" data-element_type=\"container\" data-e-type=\"container\">\n\t\t\t\t\t<div class=\"e-con-inner\">\n\t\t<div class=\"elementor-element elementor-element-0e2326a e-con-full e-flex e-con e-child\" data-id=\"0e2326a\" data-element_type=\"container\" data-e-type=\"container\">\n\t\t\t\t<div class=\"elementor-element elementor-element-1d3c6c1 elementor-widget elementor-widget-image\" data-id=\"1d3c6c1\" data-element_type=\"widget\" data-e-type=\"widget\" data-widget_type=\"image.default\">\n\t\t\t\t<div class=\"elementor-widget-container\">\n\t\t\t\t\t\t\t\t\t\t\t\t\t\t\t<img decoding=\"async\" width=\"242\" height=\"202\" src=\"https:\/\/www.selectgrup.ro\/wp-content\/uploads\/2023\/10\/Screenshot-2023-10-31-at-18.24.51.png\" class=\"attachment-large size-large wp-image-1485\" alt=\"\" \/>\t\t\t\t\t\t\t\t\t\t\t\t\t\t\t<\/div>\n\t\t\t\t<\/div>\n\t\t\t\t<\/div>\n\t\t<div class=\"elementor-element elementor-element-702fb7c e-con-full e-flex e-con e-child\" data-id=\"702fb7c\" data-element_type=\"container\" data-e-type=\"container\">\n\t\t\t\t<div class=\"elementor-element elementor-element-03d72cf elementor-widget elementor-widget-image\" data-id=\"03d72cf\" data-element_type=\"widget\" data-e-type=\"widget\" data-widget_type=\"image.default\">\n\t\t\t\t<div class=\"elementor-widget-container\">\n\t\t\t\t\t\t\t\t\t\t\t\t\t\t\t<img fetchpriority=\"high\" decoding=\"async\" width=\"500\" height=\"500\" src=\"https:\/\/www.selectgrup.ro\/wp-content\/uploads\/2023\/10\/sigla_guv_coroana_albastru.png\" class=\"attachment-large size-large wp-image-1487\" alt=\"\" srcset=\"https:\/\/www.selectgrup.ro\/wp-content\/uploads\/2023\/10\/sigla_guv_coroana_albastru.png 500w, https:\/\/www.selectgrup.ro\/wp-content\/uploads\/2023\/10\/sigla_guv_coroana_albastru-300x300.png 300w, https:\/\/www.selectgrup.ro\/wp-content\/uploads\/2023\/10\/sigla_guv_coroana_albastru-100x100.png 100w, https:\/\/www.selectgrup.ro\/wp-content\/uploads\/2023\/10\/sigla_guv_coroana_albastru-150x150.png 150w\" sizes=\"(max-width: 500px) 100vw, 500px\" \/>\t\t\t\t\t\t\t\t\t\t\t\t\t\t\t<\/div>\n\t\t\t\t<\/div>\n\t\t\t\t<\/div>\n\t\t<div class=\"elementor-element elementor-element-aefa0d7 e-con-full e-flex e-con e-child\" data-id=\"aefa0d7\" data-element_type=\"container\" data-e-type=\"container\">\n\t\t\t\t<div class=\"elementor-element elementor-element-ae70466 elementor-widget elementor-widget-image\" data-id=\"ae70466\" data-element_type=\"widget\" data-e-type=\"widget\" data-widget_type=\"image.default\">\n\t\t\t\t<div class=\"elementor-widget-container\">\n\t\t\t\t\t\t\t\t\t\t\t\t\t\t\t<img decoding=\"async\" width=\"240\" height=\"230\" src=\"https:\/\/www.selectgrup.ro\/wp-content\/uploads\/2023\/10\/Screenshot-2023-10-31-at-18.24.56.png\" class=\"attachment-large size-large wp-image-1486\" alt=\"\" \/>\t\t\t\t\t\t\t\t\t\t\t\t\t\t\t<\/div>\n\t\t\t\t<\/div>\n\t\t\t\t<\/div>\n\t\t\t\t\t<\/div>\n\t\t\t\t<\/div>\n\t\t<div class=\"elementor-element elementor-element-0358b2a e-flex e-con-boxed e-con e-parent\" data-id=\"0358b2a\" data-element_type=\"container\" data-e-type=\"container\">\n\t\t\t\t\t<div class=\"e-con-inner\">\n\t\t\t\t<div class=\"elementor-element elementor-element-051644d elementor-widget elementor-widget-text-editor\" data-id=\"051644d\" data-element_type=\"widget\" data-e-type=\"widget\" data-widget_type=\"text-editor.default\">\n\t\t\t\t<div class=\"elementor-widget-container\">\n\t\t\t\t\t\t\t\t\t<p><b>Titlul proiectului: <\/b>M\u0103suri pentru cre\u0219terea eficien\u021bei energetice a activit\u0103\u021bii economice a societ\u0103\u021bii SELECT GRUP SA<\/p>\n<p><b>Cod SMIS:<\/b> 160879<\/p>\n<p><b>Beneficiar: SELECT GRUP SA<\/b><\/p>\n<p><b>Data \u00eenceput:<\/b> 31.03.2023<\/p>\n<p><b>Data final:<\/b> 30.11.2023<\/p>\n<p><b>Valoare total\u0103 a proiectului:<\/b> 600.913,68 Lei, din care 443.000 lei valoare eligibil\u0103 nerambursabil\u0103, respectiv din:<\/p>\n<ul>\n<li>Fondul de Coeziune (UE): 376.550,00 Lei<\/li>\n<li>Bugetul na\u021bional: 66.450,00 Lei<\/li>\n<\/ul>\n<p><b><br><\/b><\/p>\n<p><b>Obiectivul general\/ Scopul proiectului:<\/b> Cre\u0219terea eficientei energetice la nivelul \u00eentreprinderii SELECT GRUP SA prin dotarea cu echipamente \u0219i instala\u021bii specifice \u00een scopul reducerii consumului de energie.<\/p>\n<p><b>Obiective specifice:<\/b><\/p>\n<ol>\n<li>Modernizarea sistemului de \u00eenc\u0103lzire termic\u0103 \u00een cadrul SELECT GRUP SA prin montarea unui sistem de centrale termice eficiente energetic, p\u00e2n\u0103 la sf\u00e2r\u0219itul anului 2023<\/li>\n<li>Modernizarea sistemului de \u00eenc\u0103lzire a apei \u00een cadrul SELECT GRUP SA prin montarea unui sistem de centrale termice eficiente energetic, p\u00e2n\u0103 la sf\u00e2r\u0219itul anului 2023<\/li>\n<li>Fructificarea oportunit\u0103\u021bii de accesare a fondurilor nerambursabile prin implementarea unui proiect finan\u021bat din AFN, p\u00e2n\u0103 la sf\u00e2r\u0219itul anului 2023<\/li>\n<\/ol>\n<p><b><br><\/b><\/p><p><b>Rezultate<\/b><\/p>\n<ol>\n<li>Atragerea de fonduri nerambursabile<span class=\"Apple-converted-space\">&nbsp;<\/span><\/li>\n<li>Dotarea societ\u0103\u021bii cu 1 sistem de centrale termice pentru \u00eenc\u0103lzire \u0219i 1 sistem de centrale termice pentru ap\u0103 cald\u0103<\/li>\n<li>Realizarea unei campanii de publicitate \u0219i informare<\/li>\n<\/ol>\n<p><b><br><\/b><\/p><p><b>Proiect cofinan\u021bat din Fondul de Coeziune prin Programul Opera\u021bional Infrastructur\u0103 Mare 2014-2020<\/b><\/p>\t\t\t\t\t\t\t\t<\/div>\n\t\t\t\t<\/div>\n\t\t\t\t\t<\/div>\n\t\t\t\t<\/div>\n\t\t<div class=\"elementor-element elementor-element-270100b e-flex e-con-boxed e-con e-parent\" data-id=\"270100b\" data-element_type=\"container\" data-e-type=\"container\">\n\t\t\t\t\t<div class=\"e-con-inner\">\n\t\t\t\t<div class=\"elementor-element elementor-element-0bec2e2 elementor-widget elementor-widget-image-gallery\" data-id=\"0bec2e2\" data-element_type=\"widget\" data-e-type=\"widget\" data-widget_type=\"image-gallery.default\">\n\t\t\t\t<div class=\"elementor-widget-container\">\n\t\t\t\t\t\t\t<div class=\"elementor-image-gallery\">\n\t\t\t<div id='gallery-1' class='gallery galleryid-1465 gallery-columns-3 gallery-size-full'><figure class='gallery-item'>\n\t\t\t<div class='gallery-icon portrait'>\n\t\t\t\t<a data-elementor-open-lightbox=\"yes\" data-elementor-lightbox-slideshow=\"0bec2e2\" data-elementor-lightbox-title=\"1.1\" data-e-action-hash=\"#elementor-action%3Aaction%3Dlightbox%26settings%3DeyJpZCI6MTU1MCwidXJsIjoiaHR0cHM6XC9cL3d3dy5zZWxlY3RncnVwLnJvXC93cC1jb250ZW50XC91cGxvYWRzXC8yMDIzXC8xMVwvMS4xLmpwZWciLCJzbGlkZXNob3ciOiIwYmVjMmUyIn0%3D\" href='https:\/\/www.selectgrup.ro\/wp-content\/uploads\/2023\/11\/1.1.jpeg'><img loading=\"lazy\" decoding=\"async\" width=\"1190\" height=\"1684\" src=\"https:\/\/www.selectgrup.ro\/wp-content\/uploads\/2023\/11\/1.1.jpeg\" class=\"attachment-full size-full\" alt=\"\" srcset=\"https:\/\/www.selectgrup.ro\/wp-content\/uploads\/2023\/11\/1.1.jpeg 1190w, https:\/\/www.selectgrup.ro\/wp-content\/uploads\/2023\/11\/1.1-600x849.jpeg 600w, https:\/\/www.selectgrup.ro\/wp-content\/uploads\/2023\/11\/1.1-212x300.jpeg 212w, https:\/\/www.selectgrup.ro\/wp-content\/uploads\/2023\/11\/1.1-724x1024.jpeg 724w, https:\/\/www.selectgrup.ro\/wp-content\/uploads\/2023\/11\/1.1-768x1087.jpeg 768w, https:\/\/www.selectgrup.ro\/wp-content\/uploads\/2023\/11\/1.1-1085x1536.jpeg 1085w\" sizes=\"(max-width: 1190px) 100vw, 1190px\" \/><\/a>\n\t\t\t<\/div><\/figure><figure class='gallery-item'>\n\t\t\t<div class='gallery-icon portrait'>\n\t\t\t\t<a data-elementor-open-lightbox=\"yes\" data-elementor-lightbox-slideshow=\"0bec2e2\" data-elementor-lightbox-title=\"2.1\" data-e-action-hash=\"#elementor-action%3Aaction%3Dlightbox%26settings%3DeyJpZCI6MTU1MSwidXJsIjoiaHR0cHM6XC9cL3d3dy5zZWxlY3RncnVwLnJvXC93cC1jb250ZW50XC91cGxvYWRzXC8yMDIzXC8xMVwvMi4xLmpwZWciLCJzbGlkZXNob3ciOiIwYmVjMmUyIn0%3D\" href='https:\/\/www.selectgrup.ro\/wp-content\/uploads\/2023\/11\/2.1.jpeg'><img loading=\"lazy\" decoding=\"async\" width=\"1190\" height=\"1684\" src=\"https:\/\/www.selectgrup.ro\/wp-content\/uploads\/2023\/11\/2.1.jpeg\" class=\"attachment-full size-full\" alt=\"\" srcset=\"https:\/\/www.selectgrup.ro\/wp-content\/uploads\/2023\/11\/2.1.jpeg 1190w, https:\/\/www.selectgrup.ro\/wp-content\/uploads\/2023\/11\/2.1-600x849.jpeg 600w, https:\/\/www.selectgrup.ro\/wp-content\/uploads\/2023\/11\/2.1-212x300.jpeg 212w, https:\/\/www.selectgrup.ro\/wp-content\/uploads\/2023\/11\/2.1-724x1024.jpeg 724w, https:\/\/www.selectgrup.ro\/wp-content\/uploads\/2023\/11\/2.1-768x1087.jpeg 768w, https:\/\/www.selectgrup.ro\/wp-content\/uploads\/2023\/11\/2.1-1085x1536.jpeg 1085w\" sizes=\"(max-width: 1190px) 100vw, 1190px\" \/><\/a>\n\t\t\t<\/div><\/figure><figure class='gallery-item'>\n\t\t\t<div class='gallery-icon portrait'>\n\t\t\t\t<a data-elementor-open-lightbox=\"yes\" data-elementor-lightbox-slideshow=\"0bec2e2\" data-elementor-lightbox-title=\"3.1\" data-e-action-hash=\"#elementor-action%3Aaction%3Dlightbox%26settings%3DeyJpZCI6MTU1MiwidXJsIjoiaHR0cHM6XC9cL3d3dy5zZWxlY3RncnVwLnJvXC93cC1jb250ZW50XC91cGxvYWRzXC8yMDIzXC8xMVwvMy4xLmpwZWciLCJzbGlkZXNob3ciOiIwYmVjMmUyIn0%3D\" href='https:\/\/www.selectgrup.ro\/wp-content\/uploads\/2023\/11\/3.1.jpeg'><img loading=\"lazy\" decoding=\"async\" width=\"1190\" height=\"1684\" src=\"https:\/\/www.selectgrup.ro\/wp-content\/uploads\/2023\/11\/3.1.jpeg\" class=\"attachment-full size-full\" alt=\"\" srcset=\"https:\/\/www.selectgrup.ro\/wp-content\/uploads\/2023\/11\/3.1.jpeg 1190w, https:\/\/www.selectgrup.ro\/wp-content\/uploads\/2023\/11\/3.1-600x849.jpeg 600w, https:\/\/www.selectgrup.ro\/wp-content\/uploads\/2023\/11\/3.1-212x300.jpeg 212w, https:\/\/www.selectgrup.ro\/wp-content\/uploads\/2023\/11\/3.1-724x1024.jpeg 724w, https:\/\/www.selectgrup.ro\/wp-content\/uploads\/2023\/11\/3.1-768x1087.jpeg 768w, https:\/\/www.selectgrup.ro\/wp-content\/uploads\/2023\/11\/3.1-1085x1536.jpeg 1085w\" sizes=\"(max-width: 1190px) 100vw, 1190px\" \/><\/a>\n\t\t\t<\/div><\/figure>\n\t\t<\/div>\n\t\t<\/div>\n\t\t\t\t\t\t<\/div>\n\t\t\t\t<\/div>\n\t\t\t\t\t<\/div>\n\t\t\t\t<\/div>\n\t\t\t\t<\/div>","protected":false},"excerpt":{"rendered":"<p>Titlul proiectului: M\u0103suri pentru cre\u0219terea eficien\u021bei energetice a activit\u0103\u021bii economice a societ\u0103\u021bii SELECT GRUP SA Cod SMIS: 160879 Beneficiar: SELECT GRUP SA Data \u00eenceput: 31.03.2023 Data final: 30.11.2023 Valoare total\u0103 a proiectului: 600.913,68 Lei, din care 443.000 lei valoare eligibil\u0103 nerambursabil\u0103, respectiv din: Fondul de Coeziune (UE): 376.550,00 Lei Bugetul na\u021bional: 66.450,00 Lei Obiectivul general\/ [&hellip;]<\/p>\n","protected":false},"author":1,"featured_media":0,"parent":0,"menu_order":0,"comment_status":"closed","ping_status":"closed","template":"","meta":{"_acf_changed":false,"footnotes":""},"class_list":["post-1465","page","type-page","status-publish","hentry"],"acf":[],"yoast_head":"<!-- This site is optimized with the Yoast SEO plugin v27.4 - https:\/\/yoast.com\/product\/yoast-seo-wordpress\/ -->\n<title>Proiecte - Select Iasi<\/title>\n<meta name=\"robots\" content=\"index, follow, max-snippet:-1, max-image-preview:large, max-video-preview:-1\" \/>\n<link rel=\"canonical\" href=\"https:\/\/www.selectgrup.ro\/en\/proiecte\/\" \/>\n<meta property=\"og:locale\" content=\"en_GB\" \/>\n<meta property=\"og:type\" content=\"article\" \/>\n<meta property=\"og:title\" content=\"Proiecte - Select Iasi\" \/>\n<meta property=\"og:description\" content=\"Titlul proiectului: M\u0103suri pentru cre\u0219terea eficien\u021bei energetice a activit\u0103\u021bii economice a societ\u0103\u021bii SELECT GRUP SA Cod SMIS: 160879 Beneficiar: SELECT GRUP SA Data \u00eenceput: 31.03.2023 Data final: 30.11.2023 Valoare total\u0103 a proiectului: 600.913,68 Lei, din care 443.000 lei valoare eligibil\u0103 nerambursabil\u0103, respectiv din: Fondul de Coeziune (UE): 376.550,00 Lei Bugetul na\u021bional: 66.450,00 Lei Obiectivul general\/ [&hellip;]\" \/>\n<meta property=\"og:url\" content=\"https:\/\/www.selectgrup.ro\/en\/proiecte\/\" \/>\n<meta property=\"og:site_name\" content=\"Select Iasi\" \/>\n<meta property=\"article:modified_time\" content=\"2023-11-01T12:01:46+00:00\" \/>\n<meta property=\"og:image\" content=\"https:\/\/www.selectgrup.ro\/wp-content\/uploads\/2023\/10\/Screenshot-2023-10-31-at-18.24.51.png\" \/>\n\t<meta property=\"og:image:width\" content=\"242\" \/>\n\t<meta property=\"og:image:height\" content=\"202\" \/>\n\t<meta property=\"og:image:type\" content=\"image\/png\" \/>\n<meta name=\"twitter:card\" content=\"summary_large_image\" \/>\n<meta name=\"twitter:label1\" content=\"Estimated reading time\" \/>\n\t<meta name=\"twitter:data1\" content=\"1 minute\" \/>\n<script type=\"application\/ld+json\" class=\"yoast-schema-graph\">{\"@context\":\"https:\\\/\\\/schema.org\",\"@graph\":[{\"@type\":\"WebPage\",\"@id\":\"https:\\\/\\\/www.selectgrup.ro\\\/proiecte\\\/\",\"url\":\"https:\\\/\\\/www.selectgrup.ro\\\/proiecte\\\/\",\"name\":\"Proiecte - Select Iasi\",\"isPartOf\":{\"@id\":\"https:\\\/\\\/www.selectgrup.ro\\\/#website\"},\"primaryImageOfPage\":{\"@id\":\"https:\\\/\\\/www.selectgrup.ro\\\/proiecte\\\/#primaryimage\"},\"image\":{\"@id\":\"https:\\\/\\\/www.selectgrup.ro\\\/proiecte\\\/#primaryimage\"},\"thumbnailUrl\":\"https:\\\/\\\/www.selectgrup.ro\\\/wp-content\\\/uploads\\\/2023\\\/10\\\/Screenshot-2023-10-31-at-18.24.51.png\",\"datePublished\":\"2023-10-31T16:15:20+00:00\",\"dateModified\":\"2023-11-01T12:01:46+00:00\",\"breadcrumb\":{\"@id\":\"https:\\\/\\\/www.selectgrup.ro\\\/proiecte\\\/#breadcrumb\"},\"inLanguage\":\"en-GB\",\"potentialAction\":[{\"@type\":\"ReadAction\",\"target\":[\"https:\\\/\\\/www.selectgrup.ro\\\/proiecte\\\/\"]}]},{\"@type\":\"ImageObject\",\"inLanguage\":\"en-GB\",\"@id\":\"https:\\\/\\\/www.selectgrup.ro\\\/proiecte\\\/#primaryimage\",\"url\":\"https:\\\/\\\/www.selectgrup.ro\\\/wp-content\\\/uploads\\\/2023\\\/10\\\/Screenshot-2023-10-31-at-18.24.51.png\",\"contentUrl\":\"https:\\\/\\\/www.selectgrup.ro\\\/wp-content\\\/uploads\\\/2023\\\/10\\\/Screenshot-2023-10-31-at-18.24.51.png\"},{\"@type\":\"BreadcrumbList\",\"@id\":\"https:\\\/\\\/www.selectgrup.ro\\\/proiecte\\\/#breadcrumb\",\"itemListElement\":[{\"@type\":\"ListItem\",\"position\":1,\"name\":\"Home\",\"item\":\"https:\\\/\\\/www.selectgrup.ro\\\/\"},{\"@type\":\"ListItem\",\"position\":2,\"name\":\"Proiecte\"}]},{\"@type\":\"WebSite\",\"@id\":\"https:\\\/\\\/www.selectgrup.ro\\\/#website\",\"url\":\"https:\\\/\\\/www.selectgrup.ro\\\/\",\"name\":\"Select Iasi\",\"description\":\"Hotel, Restaurant, Patiserie, Cofetarie\",\"publisher\":{\"@id\":\"https:\\\/\\\/www.selectgrup.ro\\\/#organization\"},\"potentialAction\":[{\"@type\":\"SearchAction\",\"target\":{\"@type\":\"EntryPoint\",\"urlTemplate\":\"https:\\\/\\\/www.selectgrup.ro\\\/?s={search_term_string}\"},\"query-input\":{\"@type\":\"PropertyValueSpecification\",\"valueRequired\":true,\"valueName\":\"search_term_string\"}}],\"inLanguage\":\"en-GB\"},{\"@type\":\"Organization\",\"@id\":\"https:\\\/\\\/www.selectgrup.ro\\\/#organization\",\"name\":\"Select Iasi\",\"url\":\"https:\\\/\\\/www.selectgrup.ro\\\/\",\"logo\":{\"@type\":\"ImageObject\",\"inLanguage\":\"en-GB\",\"@id\":\"https:\\\/\\\/www.selectgrup.ro\\\/#\\\/schema\\\/logo\\\/image\\\/\",\"url\":\"https:\\\/\\\/www.selectgrup.ro\\\/wp-content\\\/uploads\\\/2021\\\/12\\\/logo.png\",\"contentUrl\":\"https:\\\/\\\/www.selectgrup.ro\\\/wp-content\\\/uploads\\\/2021\\\/12\\\/logo.png\",\"width\":979,\"height\":336,\"caption\":\"Select Iasi\"},\"image\":{\"@id\":\"https:\\\/\\\/www.selectgrup.ro\\\/#\\\/schema\\\/logo\\\/image\\\/\"}}]}<\/script>\n<!-- \/ Yoast SEO plugin. -->","yoast_head_json":{"title":"Proiecte - Select Iasi","robots":{"index":"index","follow":"follow","max-snippet":"max-snippet:-1","max-image-preview":"max-image-preview:large","max-video-preview":"max-video-preview:-1"},"canonical":"https:\/\/www.selectgrup.ro\/en\/proiecte\/","og_locale":"en_GB","og_type":"article","og_title":"Proiecte - Select Iasi","og_description":"Titlul proiectului: M\u0103suri pentru cre\u0219terea eficien\u021bei energetice a activit\u0103\u021bii economice a societ\u0103\u021bii SELECT GRUP SA Cod SMIS: 160879 Beneficiar: SELECT GRUP SA Data \u00eenceput: 31.03.2023 Data final: 30.11.2023 Valoare total\u0103 a proiectului: 600.913,68 Lei, din care 443.000 lei valoare eligibil\u0103 nerambursabil\u0103, respectiv din: Fondul de Coeziune (UE): 376.550,00 Lei Bugetul na\u021bional: 66.450,00 Lei Obiectivul general\/ [&hellip;]","og_url":"https:\/\/www.selectgrup.ro\/en\/proiecte\/","og_site_name":"Select Iasi","article_modified_time":"2023-11-01T12:01:46+00:00","og_image":[{"width":242,"height":202,"url":"https:\/\/www.selectgrup.ro\/wp-content\/uploads\/2023\/10\/Screenshot-2023-10-31-at-18.24.51.png","type":"image\/png"}],"twitter_card":"summary_large_image","twitter_misc":{"Estimated reading time":"1 minute"},"schema":{"@context":"https:\/\/schema.org","@graph":[{"@type":"WebPage","@id":"https:\/\/www.selectgrup.ro\/proiecte\/","url":"https:\/\/www.selectgrup.ro\/proiecte\/","name":"Proiecte - Select Iasi","isPartOf":{"@id":"https:\/\/www.selectgrup.ro\/#website"},"primaryImageOfPage":{"@id":"https:\/\/www.selectgrup.ro\/proiecte\/#primaryimage"},"image":{"@id":"https:\/\/www.selectgrup.ro\/proiecte\/#primaryimage"},"thumbnailUrl":"https:\/\/www.selectgrup.ro\/wp-content\/uploads\/2023\/10\/Screenshot-2023-10-31-at-18.24.51.png","datePublished":"2023-10-31T16:15:20+00:00","dateModified":"2023-11-01T12:01:46+00:00","breadcrumb":{"@id":"https:\/\/www.selectgrup.ro\/proiecte\/#breadcrumb"},"inLanguage":"en-GB","potentialAction":[{"@type":"ReadAction","target":["https:\/\/www.selectgrup.ro\/proiecte\/"]}]},{"@type":"ImageObject","inLanguage":"en-GB","@id":"https:\/\/www.selectgrup.ro\/proiecte\/#primaryimage","url":"https:\/\/www.selectgrup.ro\/wp-content\/uploads\/2023\/10\/Screenshot-2023-10-31-at-18.24.51.png","contentUrl":"https:\/\/www.selectgrup.ro\/wp-content\/uploads\/2023\/10\/Screenshot-2023-10-31-at-18.24.51.png"},{"@type":"BreadcrumbList","@id":"https:\/\/www.selectgrup.ro\/proiecte\/#breadcrumb","itemListElement":[{"@type":"ListItem","position":1,"name":"Home","item":"https:\/\/www.selectgrup.ro\/"},{"@type":"ListItem","position":2,"name":"Proiecte"}]},{"@type":"WebSite","@id":"https:\/\/www.selectgrup.ro\/#website","url":"https:\/\/www.selectgrup.ro\/","name":"Select Iasi","description":"Hotel, Restaurant, Patiserie, Cofetarie","publisher":{"@id":"https:\/\/www.selectgrup.ro\/#organization"},"potentialAction":[{"@type":"SearchAction","target":{"@type":"EntryPoint","urlTemplate":"https:\/\/www.selectgrup.ro\/?s={search_term_string}"},"query-input":{"@type":"PropertyValueSpecification","valueRequired":true,"valueName":"search_term_string"}}],"inLanguage":"en-GB"},{"@type":"Organization","@id":"https:\/\/www.selectgrup.ro\/#organization","name":"Select Iasi","url":"https:\/\/www.selectgrup.ro\/","logo":{"@type":"ImageObject","inLanguage":"en-GB","@id":"https:\/\/www.selectgrup.ro\/#\/schema\/logo\/image\/","url":"https:\/\/www.selectgrup.ro\/wp-content\/uploads\/2021\/12\/logo.png","contentUrl":"https:\/\/www.selectgrup.ro\/wp-content\/uploads\/2021\/12\/logo.png","width":979,"height":336,"caption":"Select Iasi"},"image":{"@id":"https:\/\/www.selectgrup.ro\/#\/schema\/logo\/image\/"}}]}},"_links":{"self":[{"href":"https:\/\/www.selectgrup.ro\/en\/wp-json\/wp\/v2\/pages\/1465","targetHints":{"allow":["GET"]}}],"collection":[{"href":"https:\/\/www.selectgrup.ro\/en\/wp-json\/wp\/v2\/pages"}],"about":[{"href":"https:\/\/www.selectgrup.ro\/en\/wp-json\/wp\/v2\/types\/page"}],"author":[{"embeddable":true,"href":"https:\/\/www.selectgrup.ro\/en\/wp-json\/wp\/v2\/users\/1"}],"replies":[{"embeddable":true,"href":"https:\/\/www.selectgrup.ro\/en\/wp-json\/wp\/v2\/comments?post=1465"}],"version-history":[{"count":61,"href":"https:\/\/www.selectgrup.ro\/en\/wp-json\/wp\/v2\/pages\/1465\/revisions"}],"predecessor-version":[{"id":1558,"href":"https:\/\/www.selectgrup.ro\/en\/wp-json\/wp\/v2\/pages\/1465\/revisions\/1558"}],"wp:attachment":[{"href":"https:\/\/www.selectgrup.ro\/en\/wp-json\/wp\/v2\/media?parent=1465"}],"curies":[{"name":"wp","href":"https:\/\/api.w.org\/{rel}","templated":true}]}}